{"id":8,"date":"2025-01-07T14:31:47","date_gmt":"2025-01-07T19:31:47","guid":{"rendered":"https:\/\/tirelink.ca\/?page_id=8"},"modified":"2025-08-21T17:23:57","modified_gmt":"2025-08-21T21:23:57","slug":"accueil","status":"publish","type":"page","link":"https:\/\/tirelink.ca\/fr\/","title":{"rendered":"Accueil"},"content":{"rendered":"\n<div class=\"wp-block-media-text alignfull has-media-on-the-right is-stacked-on-mobile has-white-background-color has-background mobile-image-last\"><div class=\"wp-block-media-text__content\">\n<p class=\"is-style-suptitle\">\u00c0 PROPOS<\/p>\n\n\n\n<h2 class=\"wp-block-heading has-medium-blue-color has-text-color has-link-color wp-elements-46943443707101994370b004f7e23168\">Le bon pneu, le bon soutien<\/h2>\n\n\n\n<p class=\"has-medium-blue-color has-text-color has-link-color has-large-font-size wp-elements-6234f226114515f8c6b80723a4b52b62\">TireLink est le premier distributeur canadien qui se consacre exclusivement au soutien des constructeurs automobiles et de leurs concessionnaires en leur offrant des solutions transparentes en mati\u00e8re de pneus.<\/p>\n\n\n\n<p class=\"has-medium-blue-color has-text-color has-link-color has-large-font-size wp-elements-8b9ae00e7d8bec2b7f0ab669653ccf17\">Avec un r\u00e9seau de plus de 4 000 000 de pneus en stock et une \u00e9quipe qualifi\u00e9e, TireLink assure un processus de livraison \u00ab juste \u00e0 temps \u00bb fiable, con\u00e7u pour d\u00e9passer les attentes des clients.<\/p>\n\n\n\n<div class=\"wp-block-buttons is-layout-flex wp-block-buttons-is-layout-flex\">\n<div class=\"wp-block-button\"><a class=\"wp-block-button__link wp-element-button\" href=\"https:\/\/tirelink.ca\/fr\/qui-sommes-nous\/\">EN APPRENDRE PLUS<\/a><\/div>\n<\/div>\n<\/div><figure class=\"wp-block-media-text__media\"><img decoding=\"async\" width=\"1024\" height=\"932\" src=\"https:\/\/tirelink.ca\/wp-content\/uploads\/2025\/01\/notre-experience-1024x932.jpg\" alt=\"\" class=\"wp-image-58 size-full\" srcset=\"https:\/\/tirelink.ca\/wp-content\/uploads\/2025\/01\/notre-experience-1024x932.jpg 1024w, https:\/\/tirelink.ca\/wp-content\/uploads\/2025\/01\/notre-experience-300x273.jpg 300w, https:\/\/tirelink.ca\/wp-content\/uploads\/2025\/01\/notre-experience-768x699.jpg 768w, https:\/\/tirelink.ca\/wp-content\/uploads\/2025\/01\/notre-experience.jpg 1058w\" sizes=\"(max-width: 1024px) 100vw, 1024px\" \/><\/figure><\/div>\n\n\n\n<div class=\"wp-block-group alignfull has-navy-background-color has-background is-layout-constrained wp-block-group-is-layout-constrained\">\n<div class=\"wp-block-columns is-layout-flex wp-container-core-columns-is-layout-28f84493 wp-block-columns-is-layout-flex\">\n<div class=\"wp-block-column is-layout-flow wp-block-column-is-layout-flow\">\n<figure class=\"wp-block-image size-full\"><img decoding=\"async\" width=\"960\" height=\"960\" src=\"https:\/\/tirelink.ca\/wp-content\/uploads\/2025\/03\/Touchette_Anim_WEB_RH_Transp-1.gif\" alt=\"\" class=\"wp-image-576\"\/><\/figure>\n<\/div>\n\n\n\n<div class=\"wp-block-column is-layout-flow wp-block-column-is-layout-flow\">\n<p class=\"is-style-suptitle has-white-color has-text-color has-link-color wp-elements-6f8dc1c3ea562adbd46b52def506194e\">NOTRE \u00c9QUIPE<\/p>\n\n\n\n<h2 class=\"wp-block-heading has-white-color has-text-color has-link-color wp-elements-1db2deb131d3bba31a72fc27e62650f7\">Avec une \u00e9quipe de plus de 1 700 employ\u00e9s et un r\u00e9seau de plus de 45 centres de distribution \u00e0 travers le pays.<\/h2>\n\n\n\n<p class=\"has-white-color has-text-color has-link-color wp-elements-90f7e70a138cd3b8c321c3a01d77dd91\">Soutenus par le leadership de Groupe Touchette dans l&rsquo;industrie, nous offrons \u00e0 notre \u00e9quipe l&rsquo;environnement n\u00e9cessaire pour b\u00e2tir des carri\u00e8res dynamiques et percutantes dans une culture qui valorise l&rsquo;innovation, le soutien et le d\u00e9veloppement continu.<\/p>\n\n\n\n<div class=\"wp-block-buttons is-layout-flex wp-block-buttons-is-layout-flex\">\n<div class=\"wp-block-button\"><a class=\"wp-block-button__link wp-element-button\" href=\"https:\/\/recruiting.ultipro.ca\/GRO5004GTOU\/JobBoard\/725a44ac-2d84-4079-97a5-e64f4eab2f40\/?q=&amp;o=postedDateDesc\" target=\"_blank\" rel=\"noreferrer noopener\">VOIR LES POSTES DISPONIBLES<\/a><\/div>\n<\/div>\n<\/div>\n<\/div>\n<\/div>\n\n\n\n\n<section class=\"partners-carousel-block theme-block alignfull\"\n>\n  <div class=\"partners-carousel-block__heading container--wide\">\n          <h2 class=\"partners-carousel-block__title is-style-suptitle\">Nos marques<\/h2>\n        <div class=\"partners-carousel-block__link-wrapper\">\n          <\/div>\n  <\/div>\n      <div class=\"partners-carousel-block__carousel-wrapper\">\n      <div class=\"partners-carousel-block__carousel swiper\"> \n        <div class=\"swiper-wrapper\"> \n        \n          <div class=\"partners-carousel-block__carousel__item swiper-slide\">\n                          <a href=\"https:\/\/www.bfgoodrich.ca\/fr\/\" target=\"_blank\" rel=\"noopener noreferrer\">\n                          <div class=\"partners-carousel-block__carousel__item__thumbnail-wrapper\">\n                <img decoding=\"async\" width=\"500\" height=\"500\" src=\"https:\/\/tirelink.ca\/wp-content\/uploads\/2025\/01\/bfgoodrich.png\" class=\"attachment-post-thumbnail size-post-thumbnail wp-post-image\" alt=\"\" srcset=\"https:\/\/tirelink.ca\/wp-content\/uploads\/2025\/01\/bfgoodrich.png 500w, https:\/\/tirelink.ca\/wp-content\/uploads\/2025\/01\/bfgoodrich-300x300.png 300w, https:\/\/tirelink.ca\/wp-content\/uploads\/2025\/01\/bfgoodrich-150x150.png 150w\" sizes=\"(max-width: 500px) 100vw, 500px\" \/>              <\/div>\n              <p class=\"partners-carousel-block__carousel__item__title\">BFGoodrich Tires<\/p>\n                          <\/a>\n                      <\/div>\n        \n          <div class=\"partners-carousel-block__carousel__item swiper-slide\">\n                          <a href=\"https:\/\/www.bridgestonetire.ca\/fr\/\" target=\"_blank\" rel=\"noopener noreferrer\">\n                          <div class=\"partners-carousel-block__carousel__item__thumbnail-wrapper\">\n                <img decoding=\"async\" width=\"500\" height=\"500\" src=\"https:\/\/tirelink.ca\/wp-content\/uploads\/2025\/01\/bridgestone-logo.png\" class=\"attachment-post-thumbnail size-post-thumbnail wp-post-image\" alt=\"\" srcset=\"https:\/\/tirelink.ca\/wp-content\/uploads\/2025\/01\/bridgestone-logo.png 500w, https:\/\/tirelink.ca\/wp-content\/uploads\/2025\/01\/bridgestone-logo-300x300.png 300w, https:\/\/tirelink.ca\/wp-content\/uploads\/2025\/01\/bridgestone-logo-150x150.png 150w, https:\/\/tirelink.ca\/wp-content\/uploads\/2025\/01\/bridgestone-logo-400x400.png 400w\" sizes=\"(max-width: 500px) 100vw, 500px\" \/>              <\/div>\n              <p class=\"partners-carousel-block__carousel__item__title\">Bridgestone<\/p>\n                          <\/a>\n                      <\/div>\n        \n          <div class=\"partners-carousel-block__carousel__item swiper-slide\">\n                          <a href=\"https:\/\/www.continental-tires.com\/ca\/fr\/\" target=\"_blank\" rel=\"noopener noreferrer\">\n                          <div class=\"partners-carousel-block__carousel__item__thumbnail-wrapper\">\n                <img decoding=\"async\" width=\"500\" height=\"500\" src=\"https:\/\/tirelink.ca\/wp-content\/uploads\/2025\/01\/Continental_logo.png\" class=\"attachment-post-thumbnail size-post-thumbnail wp-post-image\" alt=\"\" srcset=\"https:\/\/tirelink.ca\/wp-content\/uploads\/2025\/01\/Continental_logo.png 500w, https:\/\/tirelink.ca\/wp-content\/uploads\/2025\/01\/Continental_logo-300x300.png 300w, https:\/\/tirelink.ca\/wp-content\/uploads\/2025\/01\/Continental_logo-150x150.png 150w, https:\/\/tirelink.ca\/wp-content\/uploads\/2025\/01\/Continental_logo-400x400.png 400w\" sizes=\"(max-width: 500px) 100vw, 500px\" \/>              <\/div>\n              <p class=\"partners-carousel-block__carousel__item__title\">Continental<\/p>\n                          <\/a>\n                      <\/div>\n        \n          <div class=\"partners-carousel-block__carousel__item swiper-slide\">\n                          <a href=\"https:\/\/fr.coopertire.ca\/fr\" target=\"_blank\" rel=\"noopener noreferrer\">\n                          <div class=\"partners-carousel-block__carousel__item__thumbnail-wrapper\">\n                <img decoding=\"async\" width=\"500\" height=\"500\" src=\"https:\/\/tirelink.ca\/wp-content\/uploads\/2025\/04\/Cooper-tire-logo.png\" class=\"attachment-post-thumbnail size-post-thumbnail wp-post-image\" alt=\"\" srcset=\"https:\/\/tirelink.ca\/wp-content\/uploads\/2025\/04\/Cooper-tire-logo.png 500w, https:\/\/tirelink.ca\/wp-content\/uploads\/2025\/04\/Cooper-tire-logo-300x300.png 300w, https:\/\/tirelink.ca\/wp-content\/uploads\/2025\/04\/Cooper-tire-logo-150x150.png 150w, https:\/\/tirelink.ca\/wp-content\/uploads\/2025\/04\/Cooper-tire-logo-400x400.png 400w\" sizes=\"(max-width: 500px) 100vw, 500px\" \/>              <\/div>\n              <p class=\"partners-carousel-block__carousel__item__title\">Cooper Tires<\/p>\n                          <\/a>\n                      <\/div>\n        \n          <div class=\"partners-carousel-block__carousel__item swiper-slide\">\n                          <a href=\"https:\/\/fr.goodyear.ca\/fr_CA\/tires\/by-brand\/dunlop\" target=\"_blank\" rel=\"noopener noreferrer\">\n                          <div class=\"partners-carousel-block__carousel__item__thumbnail-wrapper\">\n                <img decoding=\"async\" width=\"500\" height=\"500\" src=\"https:\/\/tirelink.ca\/wp-content\/uploads\/2025\/01\/dunlop-logo.png\" class=\"attachment-post-thumbnail size-post-thumbnail wp-post-image\" alt=\"\" srcset=\"https:\/\/tirelink.ca\/wp-content\/uploads\/2025\/01\/dunlop-logo.png 500w, https:\/\/tirelink.ca\/wp-content\/uploads\/2025\/01\/dunlop-logo-300x300.png 300w, https:\/\/tirelink.ca\/wp-content\/uploads\/2025\/01\/dunlop-logo-150x150.png 150w, https:\/\/tirelink.ca\/wp-content\/uploads\/2025\/01\/dunlop-logo-400x400.png 400w\" sizes=\"(max-width: 500px) 100vw, 500px\" \/>              <\/div>\n              <p class=\"partners-carousel-block__carousel__item__title\">Dunlop<\/p>\n                          <\/a>\n                      <\/div>\n        \n          <div class=\"partners-carousel-block__carousel__item swiper-slide\">\n                          <a href=\"https:\/\/www.falkentire.ca\/\" target=\"_blank\" rel=\"noopener noreferrer\">\n                          <div class=\"partners-carousel-block__carousel__item__thumbnail-wrapper\">\n                <img decoding=\"async\" width=\"500\" height=\"500\" src=\"https:\/\/tirelink.ca\/wp-content\/uploads\/2025\/04\/Falken_Tire_logo.png\" class=\"attachment-post-thumbnail size-post-thumbnail wp-post-image\" alt=\"\" srcset=\"https:\/\/tirelink.ca\/wp-content\/uploads\/2025\/04\/Falken_Tire_logo.png 500w, https:\/\/tirelink.ca\/wp-content\/uploads\/2025\/04\/Falken_Tire_logo-300x300.png 300w, https:\/\/tirelink.ca\/wp-content\/uploads\/2025\/04\/Falken_Tire_logo-150x150.png 150w, https:\/\/tirelink.ca\/wp-content\/uploads\/2025\/04\/Falken_Tire_logo-400x400.png 400w\" sizes=\"(max-width: 500px) 100vw, 500px\" \/>              <\/div>\n              <p class=\"partners-carousel-block__carousel__item__title\">Falken<\/p>\n                          <\/a>\n                      <\/div>\n        \n          <div class=\"partners-carousel-block__carousel__item swiper-slide\">\n                          <a href=\"https:\/\/www.firestonetire.ca\/fr\" target=\"_blank\" rel=\"noopener noreferrer\">\n                          <div class=\"partners-carousel-block__carousel__item__thumbnail-wrapper\">\n                <img decoding=\"async\" width=\"500\" height=\"500\" src=\"https:\/\/tirelink.ca\/wp-content\/uploads\/2025\/01\/firestone-logo.png\" class=\"attachment-post-thumbnail size-post-thumbnail wp-post-image\" alt=\"\" srcset=\"https:\/\/tirelink.ca\/wp-content\/uploads\/2025\/01\/firestone-logo.png 500w, https:\/\/tirelink.ca\/wp-content\/uploads\/2025\/01\/firestone-logo-300x300.png 300w, https:\/\/tirelink.ca\/wp-content\/uploads\/2025\/01\/firestone-logo-150x150.png 150w, https:\/\/tirelink.ca\/wp-content\/uploads\/2025\/01\/firestone-logo-400x400.png 400w\" sizes=\"(max-width: 500px) 100vw, 500px\" \/>              <\/div>\n              <p class=\"partners-carousel-block__carousel__item__title\">Firestone<\/p>\n                          <\/a>\n                      <\/div>\n        \n          <div class=\"partners-carousel-block__carousel__item swiper-slide\">\n                          <a href=\"https:\/\/www.generaltire.ca\/fr\/\" target=\"_blank\" rel=\"noopener noreferrer\">\n                          <div class=\"partners-carousel-block__carousel__item__thumbnail-wrapper\">\n                <img decoding=\"async\" width=\"500\" height=\"500\" src=\"https:\/\/tirelink.ca\/wp-content\/uploads\/2025\/01\/General_Tire-Logo.png\" class=\"attachment-post-thumbnail size-post-thumbnail wp-post-image\" alt=\"\" srcset=\"https:\/\/tirelink.ca\/wp-content\/uploads\/2025\/01\/General_Tire-Logo.png 500w, https:\/\/tirelink.ca\/wp-content\/uploads\/2025\/01\/General_Tire-Logo-300x300.png 300w, https:\/\/tirelink.ca\/wp-content\/uploads\/2025\/01\/General_Tire-Logo-150x150.png 150w, https:\/\/tirelink.ca\/wp-content\/uploads\/2025\/01\/General_Tire-Logo-400x400.png 400w\" sizes=\"(max-width: 500px) 100vw, 500px\" \/>              <\/div>\n              <p class=\"partners-carousel-block__carousel__item__title\">General Tire<\/p>\n                          <\/a>\n                      <\/div>\n        \n          <div class=\"partners-carousel-block__carousel__item swiper-slide\">\n                          <a href=\"https:\/\/fr.goodyear.ca\/\" target=\"_blank\" rel=\"noopener noreferrer\">\n                          <div class=\"partners-carousel-block__carousel__item__thumbnail-wrapper\">\n                <img decoding=\"async\" width=\"500\" height=\"500\" src=\"https:\/\/tirelink.ca\/wp-content\/uploads\/2025\/01\/goodyear-logo.png\" class=\"attachment-post-thumbnail size-post-thumbnail wp-post-image\" alt=\"\" srcset=\"https:\/\/tirelink.ca\/wp-content\/uploads\/2025\/01\/goodyear-logo.png 500w, https:\/\/tirelink.ca\/wp-content\/uploads\/2025\/01\/goodyear-logo-300x300.png 300w, https:\/\/tirelink.ca\/wp-content\/uploads\/2025\/01\/goodyear-logo-150x150.png 150w, https:\/\/tirelink.ca\/wp-content\/uploads\/2025\/01\/goodyear-logo-400x400.png 400w\" sizes=\"(max-width: 500px) 100vw, 500px\" \/>              <\/div>\n              <p class=\"partners-carousel-block__carousel__item__title\">Goodyear<\/p>\n                          <\/a>\n                      <\/div>\n        \n          <div class=\"partners-carousel-block__carousel__item swiper-slide\">\n                          <a href=\"https:\/\/www.hankooktire.com\/ca\/fr\/home.html\" target=\"_blank\" rel=\"noopener noreferrer\">\n                          <div class=\"partners-carousel-block__carousel__item__thumbnail-wrapper\">\n                <img decoding=\"async\" width=\"500\" height=\"500\" src=\"https:\/\/tirelink.ca\/wp-content\/uploads\/2025\/01\/Hankook-logo.png\" class=\"attachment-post-thumbnail size-post-thumbnail wp-post-image\" alt=\"\" srcset=\"https:\/\/tirelink.ca\/wp-content\/uploads\/2025\/01\/Hankook-logo.png 500w, https:\/\/tirelink.ca\/wp-content\/uploads\/2025\/01\/Hankook-logo-300x300.png 300w, https:\/\/tirelink.ca\/wp-content\/uploads\/2025\/01\/Hankook-logo-150x150.png 150w, https:\/\/tirelink.ca\/wp-content\/uploads\/2025\/01\/Hankook-logo-400x400.png 400w\" sizes=\"(max-width: 500px) 100vw, 500px\" \/>              <\/div>\n              <p class=\"partners-carousel-block__carousel__item__title\">Hankook<\/p>\n                          <\/a>\n                      <\/div>\n        \n          <div class=\"partners-carousel-block__carousel__item swiper-slide\">\n                          <a href=\"https:\/\/www.laufenn.com\/ca\" target=\"_blank\" rel=\"noopener noreferrer\">\n                          <div class=\"partners-carousel-block__carousel__item__thumbnail-wrapper\">\n                <img decoding=\"async\" width=\"500\" height=\"500\" src=\"https:\/\/tirelink.ca\/wp-content\/uploads\/2025\/04\/Laufenn-logo.png\" class=\"attachment-post-thumbnail size-post-thumbnail wp-post-image\" alt=\"\" srcset=\"https:\/\/tirelink.ca\/wp-content\/uploads\/2025\/04\/Laufenn-logo.png 500w, https:\/\/tirelink.ca\/wp-content\/uploads\/2025\/04\/Laufenn-logo-300x300.png 300w, https:\/\/tirelink.ca\/wp-content\/uploads\/2025\/04\/Laufenn-logo-150x150.png 150w, https:\/\/tirelink.ca\/wp-content\/uploads\/2025\/04\/Laufenn-logo-400x400.png 400w\" sizes=\"(max-width: 500px) 100vw, 500px\" \/>              <\/div>\n              <p class=\"partners-carousel-block__carousel__item__title\">Laufenn<\/p>\n                          <\/a>\n                      <\/div>\n        \n          <div class=\"partners-carousel-block__carousel__item swiper-slide\">\n                          <a href=\"https:\/\/www.kumhotire.com\/fr-ca\/index.do\" target=\"_blank\" rel=\"noopener noreferrer\">\n                          <div class=\"partners-carousel-block__carousel__item__thumbnail-wrapper\">\n                <img decoding=\"async\" width=\"500\" height=\"500\" src=\"https:\/\/tirelink.ca\/wp-content\/uploads\/2025\/01\/Kumho_Tire_logo-1.png\" class=\"attachment-post-thumbnail size-post-thumbnail wp-post-image\" alt=\"\" srcset=\"https:\/\/tirelink.ca\/wp-content\/uploads\/2025\/01\/Kumho_Tire_logo-1.png 500w, https:\/\/tirelink.ca\/wp-content\/uploads\/2025\/01\/Kumho_Tire_logo-1-300x300.png 300w, https:\/\/tirelink.ca\/wp-content\/uploads\/2025\/01\/Kumho_Tire_logo-1-150x150.png 150w, https:\/\/tirelink.ca\/wp-content\/uploads\/2025\/01\/Kumho_Tire_logo-1-400x400.png 400w\" sizes=\"(max-width: 500px) 100vw, 500px\" \/>              <\/div>\n              <p class=\"partners-carousel-block__carousel__item__title\">Kumho Tire<\/p>\n                          <\/a>\n                      <\/div>\n        \n          <div class=\"partners-carousel-block__carousel__item swiper-slide\">\n                          <a href=\"https:\/\/nexentirecanada.com\/fr\/\" target=\"_blank\" rel=\"noopener noreferrer\">\n                          <div class=\"partners-carousel-block__carousel__item__thumbnail-wrapper\">\n                <img decoding=\"async\" width=\"500\" height=\"500\" src=\"https:\/\/tirelink.ca\/wp-content\/uploads\/2025\/04\/Nexen-logo.png\" class=\"attachment-post-thumbnail size-post-thumbnail wp-post-image\" alt=\"\" srcset=\"https:\/\/tirelink.ca\/wp-content\/uploads\/2025\/04\/Nexen-logo.png 500w, https:\/\/tirelink.ca\/wp-content\/uploads\/2025\/04\/Nexen-logo-300x300.png 300w, https:\/\/tirelink.ca\/wp-content\/uploads\/2025\/04\/Nexen-logo-150x150.png 150w, https:\/\/tirelink.ca\/wp-content\/uploads\/2025\/04\/Nexen-logo-400x400.png 400w\" sizes=\"(max-width: 500px) 100vw, 500px\" \/>              <\/div>\n              <p class=\"partners-carousel-block__carousel__item__title\">Nexen<\/p>\n                          <\/a>\n                      <\/div>\n        \n          <div class=\"partners-carousel-block__carousel__item swiper-slide\">\n                          <a href=\"https:\/\/www.michelin.ca\/fr\/\" target=\"_blank\" rel=\"noopener noreferrer\">\n                          <div class=\"partners-carousel-block__carousel__item__thumbnail-wrapper\">\n                <img decoding=\"async\" width=\"500\" height=\"500\" src=\"https:\/\/tirelink.ca\/wp-content\/uploads\/2025\/01\/michelin-logo.png\" class=\"attachment-post-thumbnail size-post-thumbnail wp-post-image\" alt=\"\" srcset=\"https:\/\/tirelink.ca\/wp-content\/uploads\/2025\/01\/michelin-logo.png 500w, https:\/\/tirelink.ca\/wp-content\/uploads\/2025\/01\/michelin-logo-300x300.png 300w, https:\/\/tirelink.ca\/wp-content\/uploads\/2025\/01\/michelin-logo-150x150.png 150w, https:\/\/tirelink.ca\/wp-content\/uploads\/2025\/01\/michelin-logo-400x400.png 400w\" sizes=\"(max-width: 500px) 100vw, 500px\" \/>              <\/div>\n              <p class=\"partners-carousel-block__carousel__item__title\">Michelin<\/p>\n                          <\/a>\n                      <\/div>\n        \n          <div class=\"partners-carousel-block__carousel__item swiper-slide\">\n                          <a href=\"https:\/\/www.pirelli.com\/tires\/fr-ca\/voiture\/homepage\" target=\"_blank\" rel=\"noopener noreferrer\">\n                          <div class=\"partners-carousel-block__carousel__item__thumbnail-wrapper\">\n                <img decoding=\"async\" width=\"500\" height=\"500\" src=\"https:\/\/tirelink.ca\/wp-content\/uploads\/2025\/01\/Pirelli-logo.png\" class=\"attachment-post-thumbnail size-post-thumbnail wp-post-image\" alt=\"\" srcset=\"https:\/\/tirelink.ca\/wp-content\/uploads\/2025\/01\/Pirelli-logo.png 500w, https:\/\/tirelink.ca\/wp-content\/uploads\/2025\/01\/Pirelli-logo-300x300.png 300w, https:\/\/tirelink.ca\/wp-content\/uploads\/2025\/01\/Pirelli-logo-150x150.png 150w, https:\/\/tirelink.ca\/wp-content\/uploads\/2025\/01\/Pirelli-logo-400x400.png 400w\" sizes=\"(max-width: 500px) 100vw, 500px\" \/>              <\/div>\n              <p class=\"partners-carousel-block__carousel__item__title\">Pirelli<\/p>\n                          <\/a>\n                      <\/div>\n        \n          <div class=\"partners-carousel-block__carousel__item swiper-slide\">\n                          <a href=\"https:\/\/www.toyotires.ca\/fr\" target=\"_blank\" rel=\"noopener noreferrer\">\n                          <div class=\"partners-carousel-block__carousel__item__thumbnail-wrapper\">\n                <img decoding=\"async\" width=\"500\" height=\"500\" src=\"https:\/\/tirelink.ca\/wp-content\/uploads\/2025\/01\/Toyo-logo.png\" class=\"attachment-post-thumbnail size-post-thumbnail wp-post-image\" alt=\"\" srcset=\"https:\/\/tirelink.ca\/wp-content\/uploads\/2025\/01\/Toyo-logo.png 500w, https:\/\/tirelink.ca\/wp-content\/uploads\/2025\/01\/Toyo-logo-300x300.png 300w, https:\/\/tirelink.ca\/wp-content\/uploads\/2025\/01\/Toyo-logo-150x150.png 150w, https:\/\/tirelink.ca\/wp-content\/uploads\/2025\/01\/Toyo-logo-400x400.png 400w\" sizes=\"(max-width: 500px) 100vw, 500px\" \/>              <\/div>\n              <p class=\"partners-carousel-block__carousel__item__title\">Toyo Tires<\/p>\n                          <\/a>\n                      <\/div>\n        \n          <div class=\"partners-carousel-block__carousel__item swiper-slide\">\n                          <a href=\"https:\/\/www.fr.uniroyal.ca\/\" target=\"_blank\" rel=\"noopener noreferrer\">\n                          <div class=\"partners-carousel-block__carousel__item__thumbnail-wrapper\">\n                <img decoding=\"async\" width=\"500\" height=\"500\" src=\"https:\/\/tirelink.ca\/wp-content\/uploads\/2025\/01\/uniroyal-logo.png\" class=\"attachment-post-thumbnail size-post-thumbnail wp-post-image\" alt=\"\" srcset=\"https:\/\/tirelink.ca\/wp-content\/uploads\/2025\/01\/uniroyal-logo.png 500w, https:\/\/tirelink.ca\/wp-content\/uploads\/2025\/01\/uniroyal-logo-300x300.png 300w, https:\/\/tirelink.ca\/wp-content\/uploads\/2025\/01\/uniroyal-logo-150x150.png 150w, https:\/\/tirelink.ca\/wp-content\/uploads\/2025\/01\/uniroyal-logo-400x400.png 400w\" sizes=\"(max-width: 500px) 100vw, 500px\" \/>              <\/div>\n              <p class=\"partners-carousel-block__carousel__item__title\">Uniroyal<\/p>\n                          <\/a>\n                      <\/div>\n        \n          <div class=\"partners-carousel-block__carousel__item swiper-slide\">\n                          <a href=\"https:\/\/www.yokohama.ca\/fr\" target=\"_blank\" rel=\"noopener noreferrer\">\n                          <div class=\"partners-carousel-block__carousel__item__thumbnail-wrapper\">\n                <img decoding=\"async\" width=\"500\" height=\"500\" src=\"https:\/\/tirelink.ca\/wp-content\/uploads\/2025\/01\/Yokohama-logo.png\" class=\"attachment-post-thumbnail size-post-thumbnail wp-post-image\" alt=\"\" srcset=\"https:\/\/tirelink.ca\/wp-content\/uploads\/2025\/01\/Yokohama-logo.png 500w, https:\/\/tirelink.ca\/wp-content\/uploads\/2025\/01\/Yokohama-logo-300x300.png 300w, https:\/\/tirelink.ca\/wp-content\/uploads\/2025\/01\/Yokohama-logo-150x150.png 150w, https:\/\/tirelink.ca\/wp-content\/uploads\/2025\/01\/Yokohama-logo-400x400.png 400w\" sizes=\"(max-width: 500px) 100vw, 500px\" \/>              <\/div>\n              <p class=\"partners-carousel-block__carousel__item__title\">Yokohama<\/p>\n                          <\/a>\n                      <\/div>\n                <\/div>\n      <\/div>\n    <\/div>\n\n    <div class=\"carousel-navigation partners-carousel-block__nav-container container--wide\">\n      <div class=\"carousel-navigation__inner partners-carousel-block__nav-container__inner\">\n        <div class=\"swiper-pagination\"><\/div>\n        <div class=\"decorative-bar\"><\/div>\n        <div class=\"partners-block__nav swiper-button-prev\"><\/div>\n        <div class=\"partners-block__nav swiper-button-next\"><\/div>\n      <\/div>\n    <\/div>\n  <\/section>\n\n\n\n<p><\/p>\n","protected":false},"excerpt":{"rendered":"<p>NOTRE \u00c9QUIPE Avec une \u00e9quipe de plus de 1 700 employ\u00e9s et un r\u00e9seau de plus de 45 centres de distribution \u00e0 travers le pays. Soutenus par le leadership de Groupe Touchette dans l&rsquo;industrie, nous offrons \u00e0 notre \u00e9quipe l&rsquo;environnement n\u00e9cessaire pour b\u00e2tir des carri\u00e8res dynamiques et percutantes dans une culture qui valorise l&rsquo;innovation, le&hellip;<\/p>\n","protected":false},"author":1,"featured_media":0,"parent":0,"menu_order":0,"comment_status":"closed","ping_status":"closed","template":"template-carousel-header.php","meta":{"_acf_changed":false,"footnotes":""},"class_list":["post-8","page","type-page","status-publish","hentry"],"acf":[],"_links":{"self":[{"href":"https:\/\/tirelink.ca\/fr\/wp-json\/wp\/v2\/pages\/8","targetHints":{"allow":["GET"]}}],"collection":[{"href":"https:\/\/tirelink.ca\/fr\/wp-json\/wp\/v2\/pages"}],"about":[{"href":"https:\/\/tirelink.ca\/fr\/wp-json\/wp\/v2\/types\/page"}],"author":[{"embeddable":true,"href":"https:\/\/tirelink.ca\/fr\/wp-json\/wp\/v2\/users\/1"}],"replies":[{"embeddable":true,"href":"https:\/\/tirelink.ca\/fr\/wp-json\/wp\/v2\/comments?post=8"}],"version-history":[{"count":7,"href":"https:\/\/tirelink.ca\/fr\/wp-json\/wp\/v2\/pages\/8\/revisions"}],"predecessor-version":[{"id":1088,"href":"https:\/\/tirelink.ca\/fr\/wp-json\/wp\/v2\/pages\/8\/revisions\/1088"}],"wp:attachment":[{"href":"https:\/\/tirelink.ca\/fr\/wp-json\/wp\/v2\/media?parent=8"}],"curies":[{"name":"wp","href":"https:\/\/api.w.org\/{rel}","templated":true}]}}