{"id":581,"date":"2025-03-13T14:03:03","date_gmt":"2025-03-13T18:03:03","guid":{"rendered":"https:\/\/tirelink.ca\/?page_id=581"},"modified":"2025-08-21T17:40:23","modified_gmt":"2025-08-21T21:40:23","slug":"produits-et-services","status":"publish","type":"page","link":"https:\/\/tirelink.ca\/fr\/produits-et-services\/","title":{"rendered":"Nos solutions"},"content":{"rendered":"\n<div class=\"wp-block-columns is-layout-flex wp-container-core-columns-is-layout-28f84493 wp-block-columns-is-layout-flex\">\n<div class=\"wp-block-column is-vertically-aligned-top is-layout-flow wp-block-column-is-layout-flow\">\n<figure class=\"wp-block-image size-large\"><img decoding=\"async\" width=\"1024\" height=\"683\" src=\"https:\/\/tirelink.ca\/wp-content\/uploads\/2025\/03\/AdobeStock_437890097-1024x683.jpeg\" alt=\"\" class=\"wp-image-605\" srcset=\"https:\/\/tirelink.ca\/wp-content\/uploads\/2025\/03\/AdobeStock_437890097-1024x683.jpeg 1024w, https:\/\/tirelink.ca\/wp-content\/uploads\/2025\/03\/AdobeStock_437890097-300x200.jpeg 300w, https:\/\/tirelink.ca\/wp-content\/uploads\/2025\/03\/AdobeStock_437890097-768x512.jpeg 768w, https:\/\/tirelink.ca\/wp-content\/uploads\/2025\/03\/AdobeStock_437890097-1536x1024.jpeg 1536w, https:\/\/tirelink.ca\/wp-content\/uploads\/2025\/03\/AdobeStock_437890097-2048x1365.jpeg 2048w\" sizes=\"(max-width: 1024px) 100vw, 1024px\" \/><\/figure>\n<\/div>\n\n\n\n<div class=\"wp-block-column is-layout-flow wp-block-column-is-layout-flow\">\n<h2 class=\"wp-block-heading\">Notre promesse<\/h2>\n\n\n\n<p class=\"has-light-blue-color has-text-color has-link-color has-large-font-size wp-elements-6db635f04a9cc5e0c1d083908c5b9b73\">Propulser votre entreprise.<\/p>\n\n\n\n<p>Chez TireLink, nous nous effor\u00e7ons d\u2019\u00e9tablir des liens \u00e9troits avec les fabricants et concessionnaires automobiles afin de leur fournir des solutions de pneus d\u2019origine personnalis\u00e9es qui r\u00e9pondent \u00e0 leurs besoins en constante \u00e9volution. Notre connaissance approfondie et nos partenariats strat\u00e9giques avec les principaux fabricants nous permettent d\u2019obtenir des r\u00e9sultats exceptionnels qui d\u00e9passent les attentes.<\/p>\n\n\n\n<p>Notre objectif est d\u2019aider nos clients \u00e0 devenir de meilleurs d\u00e9taillants de pneus, \u00e0 augmenter leurs ventes et \u00e0 les fid\u00e9liser pour d\u00e9velopper leur activit\u00e9.<\/p>\n<\/div>\n<\/div>\n\n\n\n<div class=\"wp-block-media-text alignfull has-media-on-the-right is-stacked-on-mobile is-style-oblic-image has-white-color has-navy-background-color has-text-color has-background has-link-color wp-elements-3691a65668523cdeb819d4a69fa9d373\" style=\"grid-template-columns:auto 48%\"><div class=\"wp-block-media-text__content\">\n<p class=\"is-style-suptitle\">L\u2019excellence en gestion de pneus, port\u00e9e \u00e0 un niveau sup\u00e9rieur<\/p>\n\n\n\n<h2 class=\"wp-block-heading\">L&rsquo;avantage Alliance<\/h2>\n\n\n\n<h4 class=\"wp-block-heading\">Rejoignez un programme exclusif pour les concessionnaires tourn\u00e9s vers l\u2019avenir.<\/h4>\n\n\n\n<p>Alliance par TireLink est bien plus qu\u2019un service : c\u2019est un partenariat strat\u00e9gique fond\u00e9 sur la confiance, la transparence et l\u2019innovation. Nous transformons les concessionnaires automobiles en d\u00e9taillants de pneus performants gr\u00e2ce \u00e0 un accompagnement sur mesure et une expertise de pointe. <\/p>\n\n\n\n<p>Gr\u00e2ce \u00e0 <strong>des solutions avanc\u00e9es pour des r\u00e9sultats sur lesquels vous pouvez compter<\/strong>, Alliance simplifie la complexit\u00e9 et vous aide \u00e0 atteindre l\u2019efficacit\u00e9, la croissance et la fid\u00e9lit\u00e9 de votre client\u00e8le.<\/p>\n<\/div><figure class=\"wp-block-media-text__media\"><img decoding=\"async\" width=\"1024\" height=\"683\" src=\"https:\/\/tirelink.ca\/wp-content\/uploads\/2025\/03\/iStock-1493441466-1024x683.jpg\" alt=\"\" class=\"wp-image-607 size-full\" srcset=\"https:\/\/tirelink.ca\/wp-content\/uploads\/2025\/03\/iStock-1493441466-1024x683.jpg 1024w, https:\/\/tirelink.ca\/wp-content\/uploads\/2025\/03\/iStock-1493441466-300x200.jpg 300w, https:\/\/tirelink.ca\/wp-content\/uploads\/2025\/03\/iStock-1493441466-768x512.jpg 768w, https:\/\/tirelink.ca\/wp-content\/uploads\/2025\/03\/iStock-1493441466-1536x1025.jpg 1536w, https:\/\/tirelink.ca\/wp-content\/uploads\/2025\/03\/iStock-1493441466-2048x1366.jpg 2048w\" sizes=\"(max-width: 1024px) 100vw, 1024px\" \/><\/figure><\/div>\n\n\n\n\n<section class=\"partners-carousel-block theme-block alignfull\"\n>\n  <div class=\"partners-carousel-block__heading container--wide\">\n          <h2 class=\"partners-carousel-block__title is-style-suptitle\">Nos partenaires Alliance<\/h2>\n        <div class=\"partners-carousel-block__link-wrapper\">\n          <\/div>\n  <\/div>\n      <div class=\"partners-carousel-block__carousel-wrapper\">\n      <div class=\"partners-carousel-block__carousel swiper\"> \n        <div class=\"swiper-wrapper\"> \n        \n          <div class=\"partners-carousel-block__carousel__item swiper-slide\">\n                          <a href=\"https:\/\/www.audi.ca\/fr\" target=\"_blank\" rel=\"noopener noreferrer\">\n                          <div class=\"partners-carousel-block__carousel__item__thumbnail-wrapper\">\n                <img decoding=\"async\" width=\"300\" height=\"300\" src=\"https:\/\/tirelink.ca\/wp-content\/uploads\/2025\/03\/AUDI.png\" class=\"attachment-post-thumbnail size-post-thumbnail wp-post-image\" alt=\"\" srcset=\"https:\/\/tirelink.ca\/wp-content\/uploads\/2025\/03\/AUDI.png 300w, https:\/\/tirelink.ca\/wp-content\/uploads\/2025\/03\/AUDI-150x150.png 150w\" sizes=\"(max-width: 300px) 100vw, 300px\" \/>              <\/div>\n              <p class=\"partners-carousel-block__carousel__item__title\">Audi<\/p>\n                          <\/a>\n                      <\/div>\n        \n          <div class=\"partners-carousel-block__carousel__item swiper-slide\">\n                          <div class=\"partners-carousel-block__carousel__item__thumbnail-wrapper\">\n                <img decoding=\"async\" width=\"300\" height=\"300\" src=\"https:\/\/tirelink.ca\/wp-content\/uploads\/2025\/03\/BMW.png\" class=\"attachment-post-thumbnail size-post-thumbnail wp-post-image\" alt=\"\" srcset=\"https:\/\/tirelink.ca\/wp-content\/uploads\/2025\/03\/BMW.png 300w, https:\/\/tirelink.ca\/wp-content\/uploads\/2025\/03\/BMW-150x150.png 150w\" sizes=\"(max-width: 300px) 100vw, 300px\" \/>              <\/div>\n              <p class=\"partners-carousel-block__carousel__item__title\">BMW<\/p>\n                      <\/div>\n        \n          <div class=\"partners-carousel-block__carousel__item swiper-slide\">\n                          <a href=\"https:\/\/fr.infiniti.ca\/\" target=\"_blank\" rel=\"noopener noreferrer\">\n                          <div class=\"partners-carousel-block__carousel__item__thumbnail-wrapper\">\n                <img decoding=\"async\" width=\"500\" height=\"500\" src=\"https:\/\/tirelink.ca\/wp-content\/uploads\/2025\/04\/Infiniti-logo.png\" class=\"attachment-post-thumbnail size-post-thumbnail wp-post-image\" alt=\"\" srcset=\"https:\/\/tirelink.ca\/wp-content\/uploads\/2025\/04\/Infiniti-logo.png 500w, https:\/\/tirelink.ca\/wp-content\/uploads\/2025\/04\/Infiniti-logo-300x300.png 300w, https:\/\/tirelink.ca\/wp-content\/uploads\/2025\/04\/Infiniti-logo-150x150.png 150w, https:\/\/tirelink.ca\/wp-content\/uploads\/2025\/04\/Infiniti-logo-400x400.png 400w\" sizes=\"(max-width: 500px) 100vw, 500px\" \/>              <\/div>\n              <p class=\"partners-carousel-block__carousel__item__title\">Infiniti<\/p>\n                          <\/a>\n                      <\/div>\n        \n          <div class=\"partners-carousel-block__carousel__item swiper-slide\">\n                          <a href=\"https:\/\/www.jaguar.ca\/fr\/\" target=\"_blank\" rel=\"noopener noreferrer\">\n                          <div class=\"partners-carousel-block__carousel__item__thumbnail-wrapper\">\n                <img decoding=\"async\" width=\"300\" height=\"300\" src=\"https:\/\/tirelink.ca\/wp-content\/uploads\/2025\/04\/jaguar.png\" class=\"attachment-post-thumbnail size-post-thumbnail wp-post-image\" alt=\"\" srcset=\"https:\/\/tirelink.ca\/wp-content\/uploads\/2025\/04\/jaguar.png 300w, https:\/\/tirelink.ca\/wp-content\/uploads\/2025\/04\/jaguar-150x150.png 150w\" sizes=\"(max-width: 300px) 100vw, 300px\" \/>              <\/div>\n              <p class=\"partners-carousel-block__carousel__item__title\">Jaguar<\/p>\n                          <\/a>\n                      <\/div>\n        \n          <div class=\"partners-carousel-block__carousel__item swiper-slide\">\n                          <a href=\"https:\/\/www.landrover.ca\/fr\/index.html\" target=\"_blank\" rel=\"noopener noreferrer\">\n                          <div class=\"partners-carousel-block__carousel__item__thumbnail-wrapper\">\n                <img decoding=\"async\" width=\"500\" height=\"500\" src=\"https:\/\/tirelink.ca\/wp-content\/uploads\/2025\/04\/Land-rover-logo.png\" class=\"attachment-post-thumbnail size-post-thumbnail wp-post-image\" alt=\"\" srcset=\"https:\/\/tirelink.ca\/wp-content\/uploads\/2025\/04\/Land-rover-logo.png 500w, https:\/\/tirelink.ca\/wp-content\/uploads\/2025\/04\/Land-rover-logo-300x300.png 300w, https:\/\/tirelink.ca\/wp-content\/uploads\/2025\/04\/Land-rover-logo-150x150.png 150w, https:\/\/tirelink.ca\/wp-content\/uploads\/2025\/04\/Land-rover-logo-400x400.png 400w\" sizes=\"(max-width: 500px) 100vw, 500px\" \/>              <\/div>\n              <p class=\"partners-carousel-block__carousel__item__title\">Land Rover<\/p>\n                          <\/a>\n                      <\/div>\n        \n          <div class=\"partners-carousel-block__carousel__item swiper-slide\">\n                          <a href=\"https:\/\/lucidmotors.com\/fr-ca\" target=\"_blank\" rel=\"noopener noreferrer\">\n                          <div class=\"partners-carousel-block__carousel__item__thumbnail-wrapper\">\n                <img decoding=\"async\" width=\"300\" height=\"300\" src=\"https:\/\/tirelink.ca\/wp-content\/uploads\/2025\/03\/lucid.png\" class=\"attachment-post-thumbnail size-post-thumbnail wp-post-image\" alt=\"\" srcset=\"https:\/\/tirelink.ca\/wp-content\/uploads\/2025\/03\/lucid.png 300w, https:\/\/tirelink.ca\/wp-content\/uploads\/2025\/03\/lucid-150x150.png 150w\" sizes=\"(max-width: 300px) 100vw, 300px\" \/>              <\/div>\n              <p class=\"partners-carousel-block__carousel__item__title\">Lucid<\/p>\n                          <\/a>\n                      <\/div>\n        \n          <div class=\"partners-carousel-block__carousel__item swiper-slide\">\n                          <a href=\"https:\/\/www.maserati.com\/ca\/fr\" target=\"_blank\" rel=\"noopener noreferrer\">\n                          <div class=\"partners-carousel-block__carousel__item__thumbnail-wrapper\">\n                <img decoding=\"async\" width=\"500\" height=\"500\" src=\"https:\/\/tirelink.ca\/wp-content\/uploads\/2025\/04\/Maserati-logo.png\" class=\"attachment-post-thumbnail size-post-thumbnail wp-post-image\" alt=\"\" srcset=\"https:\/\/tirelink.ca\/wp-content\/uploads\/2025\/04\/Maserati-logo.png 500w, https:\/\/tirelink.ca\/wp-content\/uploads\/2025\/04\/Maserati-logo-300x300.png 300w, https:\/\/tirelink.ca\/wp-content\/uploads\/2025\/04\/Maserati-logo-150x150.png 150w, https:\/\/tirelink.ca\/wp-content\/uploads\/2025\/04\/Maserati-logo-400x400.png 400w\" sizes=\"(max-width: 500px) 100vw, 500px\" \/>              <\/div>\n              <p class=\"partners-carousel-block__carousel__item__title\">Maserati<\/p>\n                          <\/a>\n                      <\/div>\n        \n          <div class=\"partners-carousel-block__carousel__item swiper-slide\">\n                          <a href=\"https:\/\/mini.ca\/fr\" target=\"_blank\" rel=\"noopener noreferrer\">\n                          <div class=\"partners-carousel-block__carousel__item__thumbnail-wrapper\">\n                <img decoding=\"async\" width=\"300\" height=\"300\" src=\"https:\/\/tirelink.ca\/wp-content\/uploads\/2025\/03\/MINI.png\" class=\"attachment-post-thumbnail size-post-thumbnail wp-post-image\" alt=\"\" srcset=\"https:\/\/tirelink.ca\/wp-content\/uploads\/2025\/03\/MINI.png 300w, https:\/\/tirelink.ca\/wp-content\/uploads\/2025\/03\/MINI-150x150.png 150w\" sizes=\"(max-width: 300px) 100vw, 300px\" \/>              <\/div>\n              <p class=\"partners-carousel-block__carousel__item__title\">MINI<\/p>\n                          <\/a>\n                      <\/div>\n        \n          <div class=\"partners-carousel-block__carousel__item swiper-slide\">\n                          <a href=\"https:\/\/fr.nissan.ca\/\" target=\"_blank\" rel=\"noopener noreferrer\">\n                          <div class=\"partners-carousel-block__carousel__item__thumbnail-wrapper\">\n                <img decoding=\"async\" width=\"500\" height=\"500\" src=\"https:\/\/tirelink.ca\/wp-content\/uploads\/2025\/04\/Nissan-logo.png\" class=\"attachment-post-thumbnail size-post-thumbnail wp-post-image\" alt=\"\" srcset=\"https:\/\/tirelink.ca\/wp-content\/uploads\/2025\/04\/Nissan-logo.png 500w, https:\/\/tirelink.ca\/wp-content\/uploads\/2025\/04\/Nissan-logo-300x300.png 300w, https:\/\/tirelink.ca\/wp-content\/uploads\/2025\/04\/Nissan-logo-150x150.png 150w, https:\/\/tirelink.ca\/wp-content\/uploads\/2025\/04\/Nissan-logo-400x400.png 400w\" sizes=\"(max-width: 500px) 100vw, 500px\" \/>              <\/div>\n              <p class=\"partners-carousel-block__carousel__item__title\">Nissan<\/p>\n                          <\/a>\n                      <\/div>\n        \n          <div class=\"partners-carousel-block__carousel__item swiper-slide\">\n                          <a href=\"https:\/\/www.polestar.com\/fr-ca\/\" target=\"_blank\" rel=\"noopener noreferrer\">\n                          <div class=\"partners-carousel-block__carousel__item__thumbnail-wrapper\">\n                <img decoding=\"async\" width=\"500\" height=\"500\" src=\"https:\/\/tirelink.ca\/wp-content\/uploads\/2025\/04\/Polestar-logo.png\" class=\"attachment-post-thumbnail size-post-thumbnail wp-post-image\" alt=\"\" srcset=\"https:\/\/tirelink.ca\/wp-content\/uploads\/2025\/04\/Polestar-logo.png 500w, https:\/\/tirelink.ca\/wp-content\/uploads\/2025\/04\/Polestar-logo-300x300.png 300w, https:\/\/tirelink.ca\/wp-content\/uploads\/2025\/04\/Polestar-logo-150x150.png 150w, https:\/\/tirelink.ca\/wp-content\/uploads\/2025\/04\/Polestar-logo-400x400.png 400w\" sizes=\"(max-width: 500px) 100vw, 500px\" \/>              <\/div>\n              <p class=\"partners-carousel-block__carousel__item__title\">Polestar<\/p>\n                          <\/a>\n                      <\/div>\n        \n          <div class=\"partners-carousel-block__carousel__item swiper-slide\">\n                          <a href=\"https:\/\/www.porsche.com\/canada\/fr\" target=\"_blank\" rel=\"noopener noreferrer\">\n                          <div class=\"partners-carousel-block__carousel__item__thumbnail-wrapper\">\n                <img decoding=\"async\" width=\"500\" height=\"500\" src=\"https:\/\/tirelink.ca\/wp-content\/uploads\/2025\/04\/Porsche-logo.png\" class=\"attachment-post-thumbnail size-post-thumbnail wp-post-image\" alt=\"\" srcset=\"https:\/\/tirelink.ca\/wp-content\/uploads\/2025\/04\/Porsche-logo.png 500w, https:\/\/tirelink.ca\/wp-content\/uploads\/2025\/04\/Porsche-logo-300x300.png 300w, https:\/\/tirelink.ca\/wp-content\/uploads\/2025\/04\/Porsche-logo-150x150.png 150w, https:\/\/tirelink.ca\/wp-content\/uploads\/2025\/04\/Porsche-logo-400x400.png 400w\" sizes=\"(max-width: 500px) 100vw, 500px\" \/>              <\/div>\n              <p class=\"partners-carousel-block__carousel__item__title\">Porsche<\/p>\n                          <\/a>\n                      <\/div>\n        \n          <div class=\"partners-carousel-block__carousel__item swiper-slide\">\n                          <a href=\"https:\/\/rivian.com\/fr-FR\" target=\"_blank\" rel=\"noopener noreferrer\">\n                          <div class=\"partners-carousel-block__carousel__item__thumbnail-wrapper\">\n                <img decoding=\"async\" width=\"300\" height=\"300\" src=\"https:\/\/tirelink.ca\/wp-content\/uploads\/2025\/03\/rivian-1.png\" class=\"attachment-post-thumbnail size-post-thumbnail wp-post-image\" alt=\"\" srcset=\"https:\/\/tirelink.ca\/wp-content\/uploads\/2025\/03\/rivian-1.png 300w, https:\/\/tirelink.ca\/wp-content\/uploads\/2025\/03\/rivian-1-150x150.png 150w\" sizes=\"(max-width: 300px) 100vw, 300px\" \/>              <\/div>\n              <p class=\"partners-carousel-block__carousel__item__title\">Rivian<\/p>\n                          <\/a>\n                      <\/div>\n        \n          <div class=\"partners-carousel-block__carousel__item swiper-slide\">\n                          <a href=\"https:\/\/www.rolls-royce.com\/\" target=\"_blank\" rel=\"noopener noreferrer\">\n                          <div class=\"partners-carousel-block__carousel__item__thumbnail-wrapper\">\n                <img decoding=\"async\" width=\"500\" height=\"500\" src=\"https:\/\/tirelink.ca\/wp-content\/uploads\/2025\/04\/Rolls-Royce-Logo.png\" class=\"attachment-post-thumbnail size-post-thumbnail wp-post-image\" alt=\"\" srcset=\"https:\/\/tirelink.ca\/wp-content\/uploads\/2025\/04\/Rolls-Royce-Logo.png 500w, https:\/\/tirelink.ca\/wp-content\/uploads\/2025\/04\/Rolls-Royce-Logo-300x300.png 300w, https:\/\/tirelink.ca\/wp-content\/uploads\/2025\/04\/Rolls-Royce-Logo-150x150.png 150w, https:\/\/tirelink.ca\/wp-content\/uploads\/2025\/04\/Rolls-Royce-Logo-400x400.png 400w\" sizes=\"(max-width: 500px) 100vw, 500px\" \/>              <\/div>\n              <p class=\"partners-carousel-block__carousel__item__title\">Rolls Royce<\/p>\n                          <\/a>\n                      <\/div>\n        \n          <div class=\"partners-carousel-block__carousel__item swiper-slide\">\n                          <a href=\"https:\/\/www.tesla.com\/fr_FR\/\" target=\"_blank\" rel=\"noopener noreferrer\">\n                          <div class=\"partners-carousel-block__carousel__item__thumbnail-wrapper\">\n                <img decoding=\"async\" width=\"500\" height=\"500\" src=\"https:\/\/tirelink.ca\/wp-content\/uploads\/2025\/04\/Tesla-logo.png\" class=\"attachment-post-thumbnail size-post-thumbnail wp-post-image\" alt=\"\" srcset=\"https:\/\/tirelink.ca\/wp-content\/uploads\/2025\/04\/Tesla-logo.png 500w, https:\/\/tirelink.ca\/wp-content\/uploads\/2025\/04\/Tesla-logo-300x300.png 300w, https:\/\/tirelink.ca\/wp-content\/uploads\/2025\/04\/Tesla-logo-150x150.png 150w, https:\/\/tirelink.ca\/wp-content\/uploads\/2025\/04\/Tesla-logo-400x400.png 400w\" sizes=\"(max-width: 500px) 100vw, 500px\" \/>              <\/div>\n              <p class=\"partners-carousel-block__carousel__item__title\">Tesla<\/p>\n                          <\/a>\n                      <\/div>\n        \n          <div class=\"partners-carousel-block__carousel__item swiper-slide\">\n                          <a href=\"https:\/\/vinfastauto.ca\/fr\" target=\"_blank\" rel=\"noopener noreferrer\">\n                          <div class=\"partners-carousel-block__carousel__item__thumbnail-wrapper\">\n                <img decoding=\"async\" width=\"500\" height=\"500\" src=\"https:\/\/tirelink.ca\/wp-content\/uploads\/2025\/04\/Vinfast-logo.png\" class=\"attachment-post-thumbnail size-post-thumbnail wp-post-image\" alt=\"\" srcset=\"https:\/\/tirelink.ca\/wp-content\/uploads\/2025\/04\/Vinfast-logo.png 500w, https:\/\/tirelink.ca\/wp-content\/uploads\/2025\/04\/Vinfast-logo-300x300.png 300w, https:\/\/tirelink.ca\/wp-content\/uploads\/2025\/04\/Vinfast-logo-150x150.png 150w, https:\/\/tirelink.ca\/wp-content\/uploads\/2025\/04\/Vinfast-logo-400x400.png 400w\" sizes=\"(max-width: 500px) 100vw, 500px\" \/>              <\/div>\n              <p class=\"partners-carousel-block__carousel__item__title\">Vinfast<\/p>\n                          <\/a>\n                      <\/div>\n        \n          <div class=\"partners-carousel-block__carousel__item swiper-slide\">\n                          <a href=\"https:\/\/www.vw.ca\/fr.html\" target=\"_blank\" rel=\"noopener noreferrer\">\n                          <div class=\"partners-carousel-block__carousel__item__thumbnail-wrapper\">\n                <img decoding=\"async\" width=\"300\" height=\"300\" src=\"https:\/\/tirelink.ca\/wp-content\/uploads\/2025\/03\/VOLKSWAGEN.png\" class=\"attachment-post-thumbnail size-post-thumbnail wp-post-image\" alt=\"\" srcset=\"https:\/\/tirelink.ca\/wp-content\/uploads\/2025\/03\/VOLKSWAGEN.png 300w, https:\/\/tirelink.ca\/wp-content\/uploads\/2025\/03\/VOLKSWAGEN-150x150.png 150w\" sizes=\"(max-width: 300px) 100vw, 300px\" \/>              <\/div>\n              <p class=\"partners-carousel-block__carousel__item__title\">Volkswagen<\/p>\n                          <\/a>\n                      <\/div>\n        \n          <div class=\"partners-carousel-block__carousel__item swiper-slide\">\n                          <a href=\"https:\/\/www.volvocars.com\/fr-ca\/\" target=\"_blank\" rel=\"noopener noreferrer\">\n                          <div class=\"partners-carousel-block__carousel__item__thumbnail-wrapper\">\n                <img decoding=\"async\" width=\"500\" height=\"500\" src=\"https:\/\/tirelink.ca\/wp-content\/uploads\/2025\/04\/Volvo-logo.png\" class=\"attachment-post-thumbnail size-post-thumbnail wp-post-image\" alt=\"\" srcset=\"https:\/\/tirelink.ca\/wp-content\/uploads\/2025\/04\/Volvo-logo.png 500w, https:\/\/tirelink.ca\/wp-content\/uploads\/2025\/04\/Volvo-logo-300x300.png 300w, https:\/\/tirelink.ca\/wp-content\/uploads\/2025\/04\/Volvo-logo-150x150.png 150w, https:\/\/tirelink.ca\/wp-content\/uploads\/2025\/04\/Volvo-logo-400x400.png 400w\" sizes=\"(max-width: 500px) 100vw, 500px\" \/>              <\/div>\n              <p class=\"partners-carousel-block__carousel__item__title\">Volvo<\/p>\n                          <\/a>\n                      <\/div>\n        \n          <div class=\"partners-carousel-block__carousel__item swiper-slide\">\n                          <a href=\"https:\/\/www.lamborghini.com\/fr-en\" target=\"_blank\" rel=\"noopener noreferrer\">\n                          <div class=\"partners-carousel-block__carousel__item__thumbnail-wrapper\">\n                <img decoding=\"async\" width=\"500\" height=\"500\" src=\"https:\/\/tirelink.ca\/wp-content\/uploads\/2025\/04\/lambo.png\" class=\"attachment-post-thumbnail size-post-thumbnail wp-post-image\" alt=\"\" srcset=\"https:\/\/tirelink.ca\/wp-content\/uploads\/2025\/04\/lambo.png 500w, https:\/\/tirelink.ca\/wp-content\/uploads\/2025\/04\/lambo-300x300.png 300w, https:\/\/tirelink.ca\/wp-content\/uploads\/2025\/04\/lambo-150x150.png 150w\" sizes=\"(max-width: 500px) 100vw, 500px\" \/>              <\/div>\n              <p class=\"partners-carousel-block__carousel__item__title\">Lamborghini<\/p>\n                          <\/a>\n                      <\/div>\n                <\/div>\n      <\/div>\n    <\/div>\n\n    <div class=\"carousel-navigation partners-carousel-block__nav-container container--wide\">\n      <div class=\"carousel-navigation__inner partners-carousel-block__nav-container__inner\">\n        <div class=\"swiper-pagination\"><\/div>\n        <div class=\"decorative-bar\"><\/div>\n        <div class=\"partners-block__nav swiper-button-prev\"><\/div>\n        <div class=\"partners-block__nav swiper-button-next\"><\/div>\n      <\/div>\n    <\/div>\n  <\/section>\n","protected":false},"excerpt":{"rendered":"<p>Notre promesse Propulser votre entreprise. Chez TireLink, nous nous effor\u00e7ons d\u2019\u00e9tablir des liens \u00e9troits avec les fabricants et concessionnaires automobiles afin de leur fournir des solutions de pneus d\u2019origine personnalis\u00e9es qui r\u00e9pondent \u00e0 leurs besoins en constante \u00e9volution. Notre connaissance approfondie et nos partenariats strat\u00e9giques avec les principaux fabricants nous permettent d\u2019obtenir des r\u00e9sultats exceptionnels&hellip;<\/p>\n","protected":false},"author":1,"featured_media":0,"parent":0,"menu_order":0,"comment_status":"closed","ping_status":"closed","template":"","meta":{"_acf_changed":false,"footnotes":""},"class_list":["post-581","page","type-page","status-publish","hentry"],"acf":[],"_links":{"self":[{"href":"https:\/\/tirelink.ca\/fr\/wp-json\/wp\/v2\/pages\/581","targetHints":{"allow":["GET"]}}],"collection":[{"href":"https:\/\/tirelink.ca\/fr\/wp-json\/wp\/v2\/pages"}],"about":[{"href":"https:\/\/tirelink.ca\/fr\/wp-json\/wp\/v2\/types\/page"}],"author":[{"embeddable":true,"href":"https:\/\/tirelink.ca\/fr\/wp-json\/wp\/v2\/users\/1"}],"replies":[{"embeddable":true,"href":"https:\/\/tirelink.ca\/fr\/wp-json\/wp\/v2\/comments?post=581"}],"version-history":[{"count":8,"href":"https:\/\/tirelink.ca\/fr\/wp-json\/wp\/v2\/pages\/581\/revisions"}],"predecessor-version":[{"id":1092,"href":"https:\/\/tirelink.ca\/fr\/wp-json\/wp\/v2\/pages\/581\/revisions\/1092"}],"wp:attachment":[{"href":"https:\/\/tirelink.ca\/fr\/wp-json\/wp\/v2\/media?parent=581"}],"curies":[{"name":"wp","href":"https:\/\/api.w.org\/{rel}","templated":true}]}}