{"id":1396,"date":"2025-11-05T10:49:48","date_gmt":"2025-11-05T15:49:48","guid":{"rendered":"https:\/\/tirelink.ca\/?page_id=1396"},"modified":"2025-11-05T14:14:55","modified_gmt":"2025-11-05T19:14:55","slug":"vente-qc-de-5-jours-24-nov-au-1er-dec","status":"publish","type":"page","link":"https:\/\/tirelink.ca\/fr\/vente-qc-de-5-jours-24-nov-au-1er-dec\/","title":{"rendered":"Vente QC de 5 jours \u2013 24 nov. au 1er d\u00e9c."},"content":{"rendered":"\n<section class=\"full-media-text theme-block theme-block--innerblock alignfull video-default_size media-on-the-left\" style=\"background-color:#eef6fb\">\n  <div class=\"full-media-text__inner\">\n\n    <!-- -- Media in left column -- -->\n    \n      <div class=\"full-media-text__left-col\">\n         \n          \n<div class=\"full-media-text__media__wrapper \">\n  <div class=\"full-media-text__media\">\n\n          <img decoding=\"async\" src=\"https:\/\/tirelink.ca\/wp-content\/uploads\/2025\/10\/iStock-2184510364-scaled.jpg\" alt=\"\" class=\"full-media-text__image\">\n    \n  <\/div>\n<\/div>\n              <\/div>\n      \n      <div class=\"full-media-text__right-col\">\n        <div class=\"full-media-text__innerblock-wrapper\">\n          <div class=\"acf-innerblocks-container\">\n            \n\n<p class=\"is-style-suptitle\">VOTRE TROUSSE PROMOTIONNELLE<\/p>\n\n\n\n<p>Bienvenue dans votre espace d\u00e9di\u00e9 pour acc\u00e9der \u00e0 tous les outils n\u00e9cessaires afin de promouvoir cette campagne en toute confiance. <\/p>\n\n\n\n<p>Ces ressources sont con\u00e7ues pour vous aider \u00e0 accro\u00eetre la visibilit\u00e9 et stimuler les ventes tout au long de la p\u00e9riode promotionnelle.<\/p>\n\n\n\n<p>Faisons de cette promotion un succ\u00e8s!<\/p>\n\n\n          <\/div>\n        <\/div>\n      <\/div>\n\n    <!-- -- Media in right column -- -->\n    \n  <\/div>\n  \n<\/section>\n\n\n<section class=\"resources-section alignfull\"\n>\n    <div class=\"resources-section__inner container--wide\">\n              <p class=\"resources-section__label is-style-suptitle\">M\u00c9DIAS SOCIAUX<\/p>\n            <div class=\"resources-section__heading\">\n        <h2>T\u00e9l\u00e9chargez des visuels pr\u00eats \u00e0 l\u2019emploi pour vos communications et faites passer le mot!<\/h2>\n                  <p class=\"has-large-font-size\">CONTENU SUGG\u00c9R\u00c9<br \/>\r\n<br \/>\r\n\ud83d\ude97 La grande vente du Vendredi fou est lanc\u00e9e!<br \/>\r\n<br \/>\r\nEn novembre, vos clients peuvent \u00e9conomiser jusqu\u2019\u00e0 400\u202f$ sur un ensemble de pneus d\u2019hiver ou toutes saisons \u00e0 l\u2019achat d\u2019un v\u00e9hicule neuf.<br \/>\r\n<br \/>\r\nOffre valide du 1er au 30 novembre 2025. Certaines conditions s\u2019appliquent.<br \/>\r\n<br \/>\r\nAchetez intelligemment. Roulez prudemment. \u00c9conomisez gros.<br \/>\r\n<br \/>\r\n#VendrediFou #NissanCanada #Pr\u00eatPourLHiver<\/p>\n              <\/div>\n      <div class=\"resources-section__grid\">\n        \n<div class=\"resources-item aligndefault\">\n  <a href='https:\/\/tirelink.ca\/wp-content\/uploads\/2025\/11\/10821-NCI-Black-Friday-Sale-QC-Promo2_Social.png' target='_blank' class=\"resources-item__inner\" rel=\"noopener noreferrer\">    <p class=\"resources-item__title\">NISSAN<\/p>\n    <p class=\"resources-item__text\">Post Instagram_1080x1350<\/p>\n    <div class=\"resources-item__image-wrapper\">\n          <\/div>\n    <p class=\"resources-item__icon-wrapper\">\n      <span class=\"icon-arrow-more\"><\/span>\n    <\/p>\n  <\/a><\/div>\n\n\n      <\/div>\n    <\/div>\n<\/section>\n\n\n<section class=\"resources-section alignfull\"\n>\n    <div class=\"resources-section__inner container--wide\">\n              <p class=\"resources-section__label is-style-suptitle\">BANNI\u00c8RES WEB<\/p>\n            <div class=\"resources-section__heading\">\n        <h2>G\u00e9n\u00e9rez du trafic et de la visibilit\u00e9 en ajoutant des banni\u00e8res web \u00e0 votre site web.<\/h2>\n              <\/div>\n      <div class=\"resources-section__grid\">\n        \n<div class=\"resources-item aligndefault\">\n  <a href='https:\/\/tirelink.ca\/wp-content\/uploads\/2025\/11\/10821-NCI-Black-Friday-Sale-QC-Promo2_Slider.png' target='_blank' class=\"resources-item__inner\" rel=\"noopener noreferrer\">    <p class=\"resources-item__title\">NISSAN<\/p>\n    <p class=\"resources-item__text\">Banni\u00e8re web_1329x454<\/p>\n    <div class=\"resources-item__image-wrapper\">\n          <\/div>\n    <p class=\"resources-item__icon-wrapper\">\n      <span class=\"icon-arrow-more\"><\/span>\n    <\/p>\n  <\/a><\/div>\n\n\n      <\/div>\n    <\/div>\n<\/section>\n","protected":false},"excerpt":{"rendered":"","protected":false},"author":7,"featured_media":0,"parent":0,"menu_order":0,"comment_status":"closed","ping_status":"closed","template":"","meta":{"_acf_changed":false,"footnotes":""},"class_list":["post-1396","page","type-page","status-publish","hentry"],"acf":[],"_links":{"self":[{"href":"https:\/\/tirelink.ca\/fr\/wp-json\/wp\/v2\/pages\/1396","targetHints":{"allow":["GET"]}}],"collection":[{"href":"https:\/\/tirelink.ca\/fr\/wp-json\/wp\/v2\/pages"}],"about":[{"href":"https:\/\/tirelink.ca\/fr\/wp-json\/wp\/v2\/types\/page"}],"author":[{"embeddable":true,"href":"https:\/\/tirelink.ca\/fr\/wp-json\/wp\/v2\/users\/7"}],"replies":[{"embeddable":true,"href":"https:\/\/tirelink.ca\/fr\/wp-json\/wp\/v2\/comments?post=1396"}],"version-history":[{"count":5,"href":"https:\/\/tirelink.ca\/fr\/wp-json\/wp\/v2\/pages\/1396\/revisions"}],"predecessor-version":[{"id":1415,"href":"https:\/\/tirelink.ca\/fr\/wp-json\/wp\/v2\/pages\/1396\/revisions\/1415"}],"wp:attachment":[{"href":"https:\/\/tirelink.ca\/fr\/wp-json\/wp\/v2\/media?parent=1396"}],"curies":[{"name":"wp","href":"https:\/\/api.w.org\/{rel}","templated":true}]}}