{"id":1190,"date":"2025-10-29T16:54:20","date_gmt":"2025-10-29T20:54:20","guid":{"rendered":"https:\/\/tirelink.ca\/?page_id=1190"},"modified":"2025-10-30T16:13:01","modified_gmt":"2025-10-30T20:13:01","slug":"solde-de-novembre-nci","status":"publish","type":"page","link":"https:\/\/tirelink.ca\/fr\/solde-de-novembre-nci\/","title":{"rendered":"Solde de Novembre NCI"},"content":{"rendered":"\n<p id=\"block-74e8cd9d-175d-4435-ae7b-a2c61dba8877\">T\u00e9l\u00e9chargez du mat\u00e9riel promotionnel pr\u00eat \u00e0 utiliser!<\/p>\n\n\n\n<p class=\"is-style-default\" id=\"block-3566d49d-0ca4-47be-9d09-955b39dc4c92\"><strong>M\u00e9dias sociaux<\/strong><br><em>Parfait pour Instagram &amp; Facebook.<br><\/em>\ud83d\udc49 T\u00e9l\u00e9chargez le visuel <strong>Nissan<\/strong> <a href=\"https:\/\/tirelink.ca\/wp-content\/uploads\/2025\/10\/10820-NCI-Black-Friday-Sale-National-Promo_FR_Instagram.png\" data-type=\"link\" data-id=\"https:\/\/tirelink.ca\/wp-content\/uploads\/2025\/10\/Unavailable.png\">ici<\/a> \ud83d\udc49 T\u00e9l\u00e9chargez le visuel <strong>Infiniti<\/strong> <a href=\"https:\/\/tirelink.ca\/wp-content\/uploads\/2025\/10\/10820-Infiniti-Black-Friday-Sale-National-Promo_FR_Instagram.png\" target=\"_blank\" rel=\"noreferrer noopener\">ici<\/a><\/p>\n\n\n\n<p id=\"block-ee3cdfd6-a25a-4bf4-9d60-19c05da4e673\"><strong>Banni\u00e8re web<\/strong><br><em>Id\u00e9al pour les sites web et publicit\u00e9s digitales.<br><\/em>\ud83d\udc49 T\u00e9l\u00e9chargez la banni\u00e8re <strong>Nissan<\/strong> <a href=\"https:\/\/tirelink.ca\/wp-content\/uploads\/2025\/10\/10820-NCI-Black-Friday-Sale-National-Promo_FR_Slider.png\" target=\"_blank\" rel=\"noreferrer noopener\">ici<\/a> \ud83d\udc49 T\u00e9l\u00e9chargez la banni\u00e8re <strong>Infiniti<\/strong> <a href=\"https:\/\/tirelink.ca\/wp-content\/uploads\/2025\/10\/10820-Infiniti-Black-Friday-Sale-National-Promo_FR_Slider.png\" target=\"_blank\" rel=\"noreferrer noopener\">ici<\/a><\/p>\n\n\n\n<p><\/p>\n","protected":false},"excerpt":{"rendered":"<p>T\u00e9l\u00e9chargez du mat\u00e9riel promotionnel pr\u00eat \u00e0 utiliser! M\u00e9dias sociauxParfait pour Instagram &amp; Facebook.\ud83d\udc49 T\u00e9l\u00e9chargez le visuel Nissan ici \ud83d\udc49 T\u00e9l\u00e9chargez le visuel Infiniti ici Banni\u00e8re webId\u00e9al pour les sites web et publicit\u00e9s digitales.\ud83d\udc49 T\u00e9l\u00e9chargez la banni\u00e8re Nissan ici \ud83d\udc49 T\u00e9l\u00e9chargez la banni\u00e8re Infiniti ici<\/p>\n","protected":false},"author":2,"featured_media":0,"parent":0,"menu_order":0,"comment_status":"closed","ping_status":"closed","template":"nci-promo-assets-template","meta":{"_acf_changed":false,"footnotes":""},"class_list":["post-1190","page","type-page","status-publish","hentry"],"acf":[],"_links":{"self":[{"href":"https:\/\/tirelink.ca\/fr\/wp-json\/wp\/v2\/pages\/1190","targetHints":{"allow":["GET"]}}],"collection":[{"href":"https:\/\/tirelink.ca\/fr\/wp-json\/wp\/v2\/pages"}],"about":[{"href":"https:\/\/tirelink.ca\/fr\/wp-json\/wp\/v2\/types\/page"}],"author":[{"embeddable":true,"href":"https:\/\/tirelink.ca\/fr\/wp-json\/wp\/v2\/users\/2"}],"replies":[{"embeddable":true,"href":"https:\/\/tirelink.ca\/fr\/wp-json\/wp\/v2\/comments?post=1190"}],"version-history":[{"count":6,"href":"https:\/\/tirelink.ca\/fr\/wp-json\/wp\/v2\/pages\/1190\/revisions"}],"predecessor-version":[{"id":1412,"href":"https:\/\/tirelink.ca\/fr\/wp-json\/wp\/v2\/pages\/1190\/revisions\/1412"}],"wp:attachment":[{"href":"https:\/\/tirelink.ca\/fr\/wp-json\/wp\/v2\/media?parent=1190"}],"curies":[{"name":"wp","href":"https:\/\/api.w.org\/{rel}","templated":true}]}}